{"id":138,"date":"2023-02-23T13:30:15","date_gmt":"2023-02-23T18:30:15","guid":{"rendered":"https:\/\/radiocarchifm.com\/?page_id=138"},"modified":"2023-02-24T22:15:26","modified_gmt":"2023-02-25T03:15:26","slug":"noticias","status":"publish","type":"page","link":"https:\/\/radiocarchifm.com\/?page_id=138","title":{"rendered":"Noticias"},"content":{"rendered":"\t\t<div data-elementor-type=\"wp-page\" data-elementor-id=\"138\" class=\"elementor elementor-138\" data-elementor-post-type=\"page\">\n\t\t\t\t\t\t<section class=\"elementor-section elementor-top-section elementor-element elementor-element-651308e elementor-section-boxed elementor-section-height-default elementor-section-height-default\" data-id=\"651308e\" data-element_type=\"section\" data-e-type=\"section\">\n\t\t\t\t\t\t<div class=\"elementor-container elementor-column-gap-default\">\n\t\t\t\t\t<div class=\"elementor-column elementor-col-50 elementor-top-column elementor-element elementor-element-a78d351\" data-id=\"a78d351\" data-element_type=\"column\" data-e-type=\"column\">\n\t\t\t<div class=\"elementor-widget-wrap elementor-element-populated\">\n\t\t\t\t\t\t<div class=\"elementor-element elementor-element-68d7746 elementor-widget elementor-widget-text-editor\" data-id=\"68d7746\" data-element_type=\"widget\" data-e-type=\"widget\" data-widget_type=\"text-editor.default\">\n\t\t\t\t<div class=\"elementor-widget-container\">\n\t\t\t\t\t\t\t\t\t<h1 class=\"entry-title\"><em><strong>Patricio Carrillo fue censurado<\/strong><\/em><\/h1>\n<p>Con su censura en la Asamblea Nacional,&nbsp;<a href=\"https:\/\/www.lahora.com.ec\/pais\/carrillo-candidato-2025\/\" target=\"_blank\" rel=\"noopener\">Patricio Carrillo, exministro del Interior<\/a>, est\u00e1 prohibido de ejercer un cargo p\u00fablico por dos a\u00f1os, pero no pierde los derechos pol\u00edticos y podr\u00eda ser candidato presidencial.<\/p>\n<p><\/p>\t\t\t\t\t\t\t\t<\/div>\n\t\t\t\t<\/div>\n\t\t\t\t\t<\/div>\n\t\t<\/div>\n\t\t\t\t<div class=\"elementor-column elementor-col-50 elementor-top-column elementor-element elementor-element-c52e85e\" data-id=\"c52e85e\" data-element_type=\"column\" data-e-type=\"column\">\n\t\t\t<div class=\"elementor-widget-wrap elementor-element-populated\">\n\t\t\t\t\t\t<div class=\"elementor-element elementor-element-1ed8f47 elementor-widget elementor-widget-image\" data-id=\"1ed8f47\" data-element_type=\"widget\" data-e-type=\"widget\" data-widget_type=\"image.default\">\n\t\t\t\t<div class=\"elementor-widget-container\">\n\t\t\t\t\t\t\t\t\t\t\t\t\t\t\t<img fetchpriority=\"high\" decoding=\"async\" width=\"474\" height=\"285\" src=\"https:\/\/radiocarchifm.com\/wp-content\/uploads\/2023\/02\/Patricio-Carrillo-exministro-del-Interior..jpeg\" class=\"attachment-large size-large wp-image-425\" alt=\"\" srcset=\"https:\/\/radiocarchifm.com\/wp-content\/uploads\/2023\/02\/Patricio-Carrillo-exministro-del-Interior..jpeg 474w, https:\/\/radiocarchifm.com\/wp-content\/uploads\/2023\/02\/Patricio-Carrillo-exministro-del-Interior.-300x180.jpeg 300w\" sizes=\"(max-width: 474px) 100vw, 474px\" \/>\t\t\t\t\t\t\t\t\t\t\t\t\t\t\t<\/div>\n\t\t\t\t<\/div>\n\t\t\t\t\t<\/div>\n\t\t<\/div>\n\t\t\t\t\t<\/div>\n\t\t<\/section>\n\t\t\t\t<section class=\"elementor-section elementor-top-section elementor-element elementor-element-04a5c19 elementor-section-boxed elementor-section-height-default elementor-section-height-default\" data-id=\"04a5c19\" data-element_type=\"section\" data-e-type=\"section\">\n\t\t\t\t\t\t<div class=\"elementor-container elementor-column-gap-default\">\n\t\t\t\t\t<div class=\"elementor-column elementor-col-50 elementor-top-column elementor-element elementor-element-57696c8\" data-id=\"57696c8\" data-element_type=\"column\" data-e-type=\"column\">\n\t\t\t<div class=\"elementor-widget-wrap elementor-element-populated\">\n\t\t\t\t\t\t<div class=\"elementor-element elementor-element-f4819a2 elementor-widget elementor-widget-text-editor\" data-id=\"f4819a2\" data-element_type=\"widget\" data-e-type=\"widget\" data-widget_type=\"text-editor.default\">\n\t\t\t\t<div class=\"elementor-widget-container\">\n\t\t\t\t\t\t\t\t\t<p><b>Invitaci\u00f3n<\/b><strong>\u00a0Jubileo de las 40 Horas<\/strong><\/p><p>en la parroquia San Jos\u00e9 de San Gabriel, del\u00a023 al 26 de febrero,<\/p>\t\t\t\t\t\t\t\t<\/div>\n\t\t\t\t<\/div>\n\t\t\t\t\t<\/div>\n\t\t<\/div>\n\t\t\t\t<div class=\"elementor-column elementor-col-50 elementor-top-column elementor-element elementor-element-557362f\" data-id=\"557362f\" data-element_type=\"column\" data-e-type=\"column\">\n\t\t\t<div class=\"elementor-widget-wrap elementor-element-populated\">\n\t\t\t\t\t\t<div class=\"elementor-element elementor-element-a4f089d elementor-widget elementor-widget-image\" data-id=\"a4f089d\" data-element_type=\"widget\" data-e-type=\"widget\" data-widget_type=\"image.default\">\n\t\t\t\t<div class=\"elementor-widget-container\">\n\t\t\t\t\t\t\t\t\t\t\t\t\t\t\t<img decoding=\"async\" width=\"600\" height=\"450\" src=\"https:\/\/radiocarchifm.com\/wp-content\/uploads\/2023\/02\/WhatsApp-Image-2023-02-24-at-10.33.27-1024x768.jpeg\" class=\"attachment-large size-large wp-image-322\" alt=\"\" srcset=\"https:\/\/radiocarchifm.com\/wp-content\/uploads\/2023\/02\/WhatsApp-Image-2023-02-24-at-10.33.27-1024x768.jpeg 1024w, https:\/\/radiocarchifm.com\/wp-content\/uploads\/2023\/02\/WhatsApp-Image-2023-02-24-at-10.33.27-300x225.jpeg 300w, https:\/\/radiocarchifm.com\/wp-content\/uploads\/2023\/02\/WhatsApp-Image-2023-02-24-at-10.33.27-768x576.jpeg 768w, https:\/\/radiocarchifm.com\/wp-content\/uploads\/2023\/02\/WhatsApp-Image-2023-02-24-at-10.33.27-940x705.jpeg 940w, https:\/\/radiocarchifm.com\/wp-content\/uploads\/2023\/02\/WhatsApp-Image-2023-02-24-at-10.33.27.jpeg 1080w\" sizes=\"(max-width: 600px) 100vw, 600px\" \/>\t\t\t\t\t\t\t\t\t\t\t\t\t\t\t<\/div>\n\t\t\t\t<\/div>\n\t\t\t\t\t<\/div>\n\t\t<\/div>\n\t\t\t\t\t<\/div>\n\t\t<\/section>\n\t\t\t\t<section class=\"elementor-section elementor-top-section elementor-element elementor-element-ecaffc9 elementor-section-boxed elementor-section-height-default elementor-section-height-default\" data-id=\"ecaffc9\" data-element_type=\"section\" data-e-type=\"section\">\n\t\t\t\t\t\t<div class=\"elementor-container elementor-column-gap-default\">\n\t\t\t\t\t<div class=\"elementor-column elementor-col-50 elementor-top-column elementor-element elementor-element-ffb4414\" data-id=\"ffb4414\" data-element_type=\"column\" data-e-type=\"column\">\n\t\t\t<div class=\"elementor-widget-wrap elementor-element-populated\">\n\t\t\t\t\t\t<div class=\"elementor-element elementor-element-85c2add elementor-widget elementor-widget-text-editor\" data-id=\"85c2add\" data-element_type=\"widget\" data-e-type=\"widget\" data-widget_type=\"text-editor.default\">\n\t\t\t\t<div class=\"elementor-widget-container\">\n\t\t\t\t\t\t\t\t\t<h2><em><strong>M\u00e1s incautaci\u00f3n de droga en Carchi <\/strong><\/em><\/h2><p>La Jefatura de Investigaci\u00f3n Antidrogas de Polic\u00eda Nacional del Ecuador en Carchi, y sus unidades especiales, hizo conocer que durante la semana del 17 al 23 de febrero de 2023 se ejecutaron 7 operaciones antidrogas que dej\u00f3 6 detenidos, de los cuales, 4 son de nacionalidad colombiana, 1 ecuatoriano y 1 venezolano, logrando la incautaci\u00f3n de 4.211 gramos de marihuana, 19.5 gramos de anfetaminas 249.986 gramos de coca\u00edna y 976 gramos de pasta base, para un total de 255.192,5 gramos, cuyo valor total es de 8&#8217;214.760 d\u00f3lares en el mercado internacional.<\/p>\t\t\t\t\t\t\t\t<\/div>\n\t\t\t\t<\/div>\n\t\t\t\t\t<\/div>\n\t\t<\/div>\n\t\t\t\t<div class=\"elementor-column elementor-col-50 elementor-top-column elementor-element elementor-element-73e94ce\" data-id=\"73e94ce\" data-element_type=\"column\" data-e-type=\"column\">\n\t\t\t<div class=\"elementor-widget-wrap elementor-element-populated\">\n\t\t\t\t\t\t<div class=\"elementor-element elementor-element-3782672 elementor-widget elementor-widget-image\" data-id=\"3782672\" data-element_type=\"widget\" data-e-type=\"widget\" data-widget_type=\"image.default\">\n\t\t\t\t<div class=\"elementor-widget-container\">\n\t\t\t\t\t\t\t\t\t\t\t\t\t\t\t<img decoding=\"async\" width=\"913\" height=\"608\" src=\"https:\/\/radiocarchifm.com\/wp-content\/uploads\/2023\/02\/WhatsApp-Image-2023-02-24-at-10.18.11.jpeg\" class=\"attachment-full size-full wp-image-247\" alt=\"\" srcset=\"https:\/\/radiocarchifm.com\/wp-content\/uploads\/2023\/02\/WhatsApp-Image-2023-02-24-at-10.18.11.jpeg 913w, https:\/\/radiocarchifm.com\/wp-content\/uploads\/2023\/02\/WhatsApp-Image-2023-02-24-at-10.18.11-300x200.jpeg 300w, https:\/\/radiocarchifm.com\/wp-content\/uploads\/2023\/02\/WhatsApp-Image-2023-02-24-at-10.18.11-768x511.jpeg 768w\" sizes=\"(max-width: 913px) 100vw, 913px\" \/>\t\t\t\t\t\t\t\t\t\t\t\t\t\t\t<\/div>\n\t\t\t\t<\/div>\n\t\t\t\t\t<\/div>\n\t\t<\/div>\n\t\t\t\t\t<\/div>\n\t\t<\/section>\n\t\t\t\t<\/div>\n\t\t","protected":false},"excerpt":{"rendered":"<p>Patricio Carrillo fue censurado Con su censura en la Asamblea Nacional,&nbsp;Patricio Carrillo, exministro del Interior, est\u00e1 prohibido de ejercer un cargo p\u00fablico por dos a\u00f1os, pero no pierde los derechos pol\u00edticos y podr\u00eda ser candidato presidencial. Invitaci\u00f3n\u00a0Jubileo de las 40 &#8230; <a class=\"more-link\" href=\"https:\/\/radiocarchifm.com\/?page_id=138\">Read More &raquo;<\/a><\/p>\n","protected":false},"author":1,"featured_media":0,"parent":0,"menu_order":0,"comment_status":"closed","ping_status":"closed","template":"","meta":{"footnotes":""},"class_list":["post-138","page","type-page","status-publish","hentry"],"_links":{"self":[{"href":"https:\/\/radiocarchifm.com\/index.php?rest_route=\/wp\/v2\/pages\/138","targetHints":{"allow":["GET"]}}],"collection":[{"href":"https:\/\/radiocarchifm.com\/index.php?rest_route=\/wp\/v2\/pages"}],"about":[{"href":"https:\/\/radiocarchifm.com\/index.php?rest_route=\/wp\/v2\/types\/page"}],"author":[{"embeddable":true,"href":"https:\/\/radiocarchifm.com\/index.php?rest_route=\/wp\/v2\/users\/1"}],"replies":[{"embeddable":true,"href":"https:\/\/radiocarchifm.com\/index.php?rest_route=%2Fwp%2Fv2%2Fcomments&post=138"}],"version-history":[{"count":77,"href":"https:\/\/radiocarchifm.com\/index.php?rest_route=\/wp\/v2\/pages\/138\/revisions"}],"predecessor-version":[{"id":441,"href":"https:\/\/radiocarchifm.com\/index.php?rest_route=\/wp\/v2\/pages\/138\/revisions\/441"}],"wp:attachment":[{"href":"https:\/\/radiocarchifm.com\/index.php?rest_route=%2Fwp%2Fv2%2Fmedia&parent=138"}],"curies":[{"name":"wp","href":"https:\/\/api.w.org\/{rel}","templated":true}]}}